{"id":2246,"date":"2024-06-14T12:02:34","date_gmt":"2024-06-14T11:02:34","guid":{"rendered":"https:\/\/optimabooker.com\/?page_id=2246"},"modified":"2025-12-17T11:22:10","modified_gmt":"2025-12-17T10:22:10","slug":"goriska","status":"publish","type":"page","link":"https:\/\/optimabooker.com\/hr\/goriska\/","title":{"rendered":"Gori\u0161ka"},"content":{"rendered":"<div data-elementor-type=\"wp-page\" data-elementor-id=\"2246\" class=\"elementor elementor-2246\" data-elementor-post-type=\"page\">\n\t\t\t\t\t\t<section class=\"elementor-section elementor-top-section elementor-element elementor-element-2fc6fb9 elementor-section-boxed elementor-section-height-default elementor-section-height-default\" data-id=\"2fc6fb9\" data-element_type=\"section\">\n\t\t\t\t\t\t<div class=\"elementor-container elementor-column-gap-default\">\n\t\t\t\t\t<div class=\"elementor-column elementor-col-100 elementor-top-column elementor-element elementor-element-5fb7385\" data-id=\"5fb7385\" data-element_type=\"column\">\n\t\t\t<div class=\"elementor-widget-wrap elementor-element-populated\">\n\t\t\t\t<div class=\"elementor-element elementor-element-6ff7950 e-con-full e-flex e-con e-parent\" data-id=\"6ff7950\" data-element_type=\"container\" data-settings=\"{&quot;background_background&quot;:&quot;classic&quot;}\">\n\t\t<div class=\"elementor-element elementor-element-3ea8121 e-con-full e-flex e-con e-child\" data-id=\"3ea8121\" data-element_type=\"container\">\n\t\t\t\t<\/div>\n\t\t\t\t<\/div>\n\t\t\t\t<div class=\"elementor-element elementor-element-f7363cc elementor-widget elementor-widget-heading\" data-id=\"f7363cc\" data-element_type=\"widget\" data-widget_type=\"heading.default\">\n\t\t\t\t<div class=\"elementor-widget-container\">\n\t\t\t\t\t<h2 class=\"elementor-heading-title elementor-size-default\">Gori\u0161ka - kraj vinograda, slikovitih sela i bogate povijesti. Okru\u017eena zelenim bre\u017euljcima i dolinama rijeke So\u010de, Gori\u0161ka spaja prirodne ljepote s bogatom kulturnom ba\u0161tinom. Regijom dominiraju vinogradi u kojima se proizvode neka od najcjenjenijih slovenskih vina, poput rebule i merlota. Gradovi poput Nove Gorice simbol su su\u017eivota i povezanosti s talijanskom Goricom, nude\u0107i brojne kulturne i rekreacijske aktivnosti. Posjetitelji mogu istra\u017eivati povijesne spomenike, u\u017eivati u panoramskim pogledima s planine Atos i i\u0107i na biciklisti\u010dke i pje\u0161a\u010dke ture po idili\u010dnim stazama. Gori\u0161ka je tako\u0111er dom brojnih festivala i doga\u0111aja koji prikazuju lokalnu tradiciju i gostoprimstvo, stvaraju\u0107i regiju punu \u017eivota i raznolikosti.<\/h2>\t\t\t\t<\/div>\n\t\t\t\t<\/div>\n\t\t\t\t\t<\/div>\n\t\t<\/div>\n\t\t\t\t\t<\/div>\n\t\t<\/section>\n\t\t\t\t<section class=\"elementor-section elementor-top-section elementor-element elementor-element-49ee24e elementor-section-boxed elementor-section-height-default elementor-section-height-default\" data-id=\"49ee24e\" data-element_type=\"section\" data-settings=\"{&quot;background_background&quot;:&quot;classic&quot;}\">\n\t\t\t\t\t\t<div class=\"elementor-container elementor-column-gap-default\">\n\t\t\t\t\t<div class=\"elementor-column elementor-col-100 elementor-top-column elementor-element elementor-element-fa00acf\" data-id=\"fa00acf\" data-element_type=\"column\">\n\t\t\t<div class=\"elementor-widget-wrap elementor-element-populated\">\n\t\t\t\t\t\t<div class=\"elementor-element elementor-element-5f6a7fd elementor-widget elementor-widget-heading\" data-id=\"5f6a7fd\" data-element_type=\"widget\" data-widget_type=\"heading.default\">\n\t\t\t\t<div class=\"elementor-widget-container\">\n\t\t\t\t\t<h2 class=\"elementor-heading-title elementor-size-default\">Provjerite na\u0161u ponudu<\/h2>\t\t\t\t<\/div>\n\t\t\t\t<\/div>\n\t\t\t\t<div class=\"elementor-element elementor-element-9815ea7 elementor-widget elementor-widget-shortcode\" data-id=\"9815ea7\" data-element_type=\"widget\" data-widget_type=\"shortcode.default\">\n\t\t\t\t<div class=\"elementor-widget-container\">\n\t\t\t\t\t\t\t<div class=\"elementor-shortcode\"><div class=\"flex flex-wrap bentral-properties-cards bentral-items row\"><div class=\"w-full sm:w-1\/2 md:w-1\/2 xl:w-1\/3 p-4 card-unit\" data-tags=\"\" data-recommend=\"\" data-order=\"\">\r\n    <div class=\"card block rounded-lg\">\r\n        <a href=\"https:\/\/optimabooker.com\/hr\/toncevi-eco-estate\/\">\r\n            <div class=\"image-placeholder\">\r\n                <div class=\"bg-image\"\r\n                     style=\"background-image:linear-gradient(180deg, rgb(0 0 0 \/ 10%) 0%, rgb(0 0 0 \/ 60%) 100%),url(https:\/\/data.bentral.com\/images\/5f5455334d675f4d\/3.jpg)\"\r\n                     alt=\"Toncevi Eco Estate\"><\/div>\r\n                <div class=\"title\">\r\n                    <div class=\"text\"><\/div>\r\n                <\/div>\r\n            <\/div>\r\n        <\/a>\r\n        <div class=\"body\">\r\n            <a href=\"https:\/\/optimabooker.com\/hr\/toncevi-eco-estate\/\">\r\n                <h1 class=\"title\">Eko imanje Ton\u010devi\u0107i<\/h1>\r\n            <\/a>\r\n            <div class=\"booking-section\">\r\n                <a href=\"https:\/\/optimabooker.com\/hr\/toncevi-eco-estate\/\" class=\"bentral-book w-full pb-3 rounded-md\">rezerva<\/a>\r\n            <\/div>\r\n        <\/div>\r\n    <\/div>\r\n<\/div><div class=\"w-full sm:w-1\/2 md:w-1\/2 xl:w-1\/3 p-4 card-unit\" data-tags=\"\" data-recommend=\"\" data-order=\"\">\r\n    <div class=\"card block rounded-lg\">\r\n        <a href=\"https:\/\/optimabooker.com\/hr\/soncni-apartma\/\">\r\n            <div class=\"image-placeholder\">\r\n                <div class=\"bg-image\"\r\n                     style=\"background-image:linear-gradient(180deg, rgb(0 0 0 \/ 10%) 0%, rgb(0 0 0 \/ 60%) 100%),url(https:\/\/data.bentral.com\/images\/5f44417a4e415f4e\/2.jpg)\"\r\n                     alt=\"Son\u010dni Apartma\"><\/div>\r\n                <div class=\"title\">\r\n                    <div class=\"text\"><\/div>\r\n                <\/div>\r\n            <\/div>\r\n        <\/a>\r\n        <div class=\"body\">\r\n            <a href=\"https:\/\/optimabooker.com\/hr\/soncni-apartma\/\">\r\n                <h1 class=\"title\">Sun\u010dan stan<\/h1>\r\n            <\/a>\r\n            <div class=\"booking-section\">\r\n                <a href=\"https:\/\/optimabooker.com\/hr\/soncni-apartma\/\" class=\"bentral-book w-full pb-3 rounded-md\">rezerva<\/a>\r\n            <\/div>\r\n        <\/div>\r\n    <\/div>\r\n<\/div><div class=\"w-full sm:w-1\/2 md:w-1\/2 xl:w-1\/3 p-4 card-unit\" data-tags=\"\" data-recommend=\"\" data-order=\"\">\r\n    <div class=\"card block rounded-lg\">\r\n        <a href=\"https:\/\/optimabooker.com\/hr\/villa-alma-vista\/\">\r\n            <div class=\"image-placeholder\">\r\n                <div class=\"bg-image\"\r\n                     style=\"background-image:linear-gradient(180deg, rgb(0 0 0 \/ 10%) 0%, rgb(0 0 0 \/ 60%) 100%),url(https:\/\/data.bentral.com\/images\/5f4451304d775f4e\/1.jpg)\"\r\n                     alt=\"Villa Alma Vista\"><\/div>\r\n                <div class=\"title\">\r\n                    <div class=\"text\"><\/div>\r\n                <\/div>\r\n            <\/div>\r\n        <\/a>\r\n        <div class=\"body\">\r\n            <a href=\"https:\/\/optimabooker.com\/hr\/villa-alma-vista\/\">\r\n                <h1 class=\"title\">Villa Alma Vista<\/h1>\r\n            <\/a>\r\n            <div class=\"booking-section\">\r\n                <a href=\"https:\/\/optimabooker.com\/hr\/villa-alma-vista\/\" class=\"bentral-book w-full pb-3 rounded-md\">rezerva<\/a>\r\n            <\/div>\r\n        <\/div>\r\n    <\/div>\r\n<\/div><div class=\"w-full sm:w-1\/2 md:w-1\/2 xl:w-1\/3 p-4 card-unit\" data-tags=\"\" data-recommend=\"\" data-order=\"\">\r\n    <div class=\"card block rounded-lg\">\r\n        <a href=\"https:\/\/optimabooker.com\/hr\/apartma-roner\/\">\r\n            <div class=\"image-placeholder\">\r\n                <div class=\"bg-image\"\r\n                     style=\"background-image:linear-gradient(180deg, rgb(0 0 0 \/ 10%) 0%, rgb(0 0 0 \/ 60%) 100%),url(https:\/\/data.bentral.com\/images\/5f4451304e415f4e\/3.jpg)\"\r\n                     alt=\"Apartma Roner\"><\/div>\r\n                <div class=\"title\">\r\n                    <div class=\"text\"><\/div>\r\n                <\/div>\r\n            <\/div>\r\n        <\/a>\r\n        <div class=\"body\">\r\n            <a href=\"https:\/\/optimabooker.com\/hr\/apartma-roner\/\">\r\n                <h1 class=\"title\">Apartman Roner<\/h1>\r\n            <\/a>\r\n            <div class=\"booking-section\">\r\n                <a href=\"https:\/\/optimabooker.com\/hr\/apartma-roner\/\" class=\"bentral-book w-full pb-3 rounded-md\">rezerva<\/a>\r\n            <\/div>\r\n        <\/div>\r\n    <\/div>\r\n<\/div><div class=\"w-full sm:w-1\/2 md:w-1\/2 xl:w-1\/3 p-4 card-unit\" data-tags=\"\" data-recommend=\"\" data-order=\"\">\r\n    <div class=\"card block rounded-lg\">\r\n        <a href=\"https:\/\/optimabooker.com\/hr\/apartma-radulje\/\">\r\n            <div class=\"image-placeholder\">\r\n                <div class=\"bg-image\"\r\n                     style=\"background-image:linear-gradient(180deg, rgb(0 0 0 \/ 10%) 0%, rgb(0 0 0 \/ 60%) 100%),url(https:\/\/data.bentral.com\/images\/5f6a63334d415f4d\/6.jpg)\"\r\n                     alt=\"Apartma Radulje\"><\/div>\r\n                <div class=\"title\">\r\n                    <div class=\"text\"><\/div>\r\n                <\/div>\r\n            <\/div>\r\n        <\/a>\r\n        <div class=\"body\">\r\n            <a href=\"https:\/\/optimabooker.com\/hr\/apartma-radulje\/\">\r\n                <h1 class=\"title\">Apartman Radulje<\/h1>\r\n            <\/a>\r\n            <div class=\"booking-section\">\r\n                <a href=\"https:\/\/optimabooker.com\/hr\/apartma-radulje\/\" class=\"bentral-book w-full pb-3 rounded-md\">rezerva<\/a>\r\n            <\/div>\r\n        <\/div>\r\n    <\/div>\r\n<\/div><div class=\"w-full sm:w-1\/2 md:w-1\/2 xl:w-1\/3 p-4 card-unit\" data-tags=\"\" data-recommend=\"\" data-order=\"\">\r\n    <div class=\"card block rounded-lg\">\r\n        <a href=\"https:\/\/optimabooker.com\/hr\/4-sheeps-apartments\/\">\r\n            <div class=\"image-placeholder\">\r\n                <div class=\"bg-image\"\r\n                     style=\"background-image:linear-gradient(180deg, rgb(0 0 0 \/ 10%) 0%, rgb(0 0 0 \/ 60%) 100%),url(https:\/\/data.bentral.com\/images\/5f54517a4e415f4e\/5f5449344d44494d\/1.jpg)\"\r\n                     alt=\"APARTMA (6+3)\"><\/div>\r\n                <div class=\"title\">\r\n                    <div class=\"text\"><\/div>\r\n                <\/div>\r\n            <\/div>\r\n        <\/a>\r\n        <div class=\"body\">\r\n            <a href=\"https:\/\/optimabooker.com\/hr\/4-sheeps-apartments\/\">\r\n                <h1 class=\"title\">APARTMAN (6+3)<\/h1>\r\n            <\/a>\r\n            <div class=\"booking-section\">\r\n                <a href=\"https:\/\/optimabooker.com\/hr\/4-sheeps-apartments\/\" class=\"bentral-book w-full pb-3 rounded-md\">rezerva<\/a>\r\n            <\/div>\r\n        <\/div>\r\n    <\/div>\r\n<\/div><div class=\"w-full sm:w-1\/2 md:w-1\/2 xl:w-1\/3 p-4 card-unit\" data-tags=\"\" data-recommend=\"\" data-order=\"\">\r\n    <div class=\"card block rounded-lg\">\r\n        <a href=\"https:\/\/optimabooker.com\/hr\/nortra-apartment\/\">\r\n            <div class=\"image-placeholder\">\r\n                <div class=\"bg-image\"\r\n                     style=\"background-image:linear-gradient(180deg, rgb(0 0 0 \/ 10%) 0%, rgb(0 0 0 \/ 60%) 100%),url(https:\/\/data.bentral.com\/images\/5f544d314e675f4e\/1.jpg)\"\r\n                     alt=\"NORTRA APARTMENT.\"><\/div>\r\n                <div class=\"title\">\r\n                    <div class=\"text\"><\/div>\r\n                <\/div>\r\n            <\/div>\r\n        <\/a>\r\n        <div class=\"body\">\r\n            <a href=\"https:\/\/optimabooker.com\/hr\/nortra-apartment\/\">\r\n                <h1 class=\"title\">SJEVERNI STAN.<\/h1>\r\n            <\/a>\r\n            <div class=\"booking-section\">\r\n                <a href=\"https:\/\/optimabooker.com\/hr\/nortra-apartment\/\" class=\"bentral-book w-full pb-3 rounded-md\">rezerva<\/a>\r\n            <\/div>\r\n        <\/div>\r\n    <\/div>\r\n<\/div><div class=\"w-full sm:w-1\/2 md:w-1\/2 xl:w-1\/3 p-4 card-unit\" data-tags=\"\" data-recommend=\"\" data-order=\"\">\r\n    <div class=\"card block rounded-lg\">\r\n        <a href=\"https:\/\/optimabooker.com\/hr\/bric-wine-relax\/\">\r\n            <div class=\"image-placeholder\">\r\n                <div class=\"bg-image\"\r\n                     style=\"background-image:linear-gradient(180deg, rgb(0 0 0 \/ 10%) 0%, rgb(0 0 0 \/ 60%) 100%),url(https:\/\/data.bentral.com\/images\/5f544d344d775f4e\/5f544d7a4f44414d\/3.jpg)\"\r\n                     alt=\"Double room with balcony (2+0)\"><\/div>\r\n                <div class=\"title\">\r\n                    <div class=\"text\"><\/div>\r\n                <\/div>\r\n            <\/div>\r\n        <\/a>\r\n        <div class=\"body\">\r\n            <a href=\"https:\/\/optimabooker.com\/hr\/bric-wine-relax\/\">\r\n                <h1 class=\"title\">Dvokrevetna soba s balkonom (2+0)<\/h1>\r\n            <\/a>\r\n            <div class=\"booking-section\">\r\n                <a href=\"https:\/\/optimabooker.com\/hr\/bric-wine-relax\/\" class=\"bentral-book w-full pb-3 rounded-md\">rezerva<\/a>\r\n            <\/div>\r\n        <\/div>\r\n    <\/div>\r\n<\/div><div class=\"w-full sm:w-1\/2 md:w-1\/2 xl:w-1\/3 p-4 card-unit\" data-tags=\"\" data-recommend=\"\" data-order=\"\">\r\n    <div class=\"card block rounded-lg\">\r\n        <a href=\"https:\/\/optimabooker.com\/hr\/apartma-korada\/\">\r\n            <div class=\"image-placeholder\">\r\n                <div class=\"bg-image\"\r\n                     style=\"background-image:linear-gradient(180deg, rgb(0 0 0 \/ 10%) 0%, rgb(0 0 0 \/ 60%) 100%),url(https:\/\/data.bentral.com\/images\/5f5451774d675f4e\/1.jpg)\"\r\n                     alt=\"Apartma Korada\"><\/div>\r\n                <div class=\"title\">\r\n                    <div class=\"text\"><\/div>\r\n                <\/div>\r\n            <\/div>\r\n        <\/a>\r\n        <div class=\"body\">\r\n            <a href=\"https:\/\/optimabooker.com\/hr\/apartma-korada\/\">\r\n                <h1 class=\"title\">Apartman Korada<\/h1>\r\n            <\/a>\r\n            <div class=\"booking-section\">\r\n                <a href=\"https:\/\/optimabooker.com\/hr\/apartma-korada\/\" class=\"bentral-book w-full pb-3 rounded-md\">rezerva<\/a>\r\n            <\/div>\r\n        <\/div>\r\n    <\/div>\r\n<\/div><div class=\"w-full sm:w-1\/2 md:w-1\/2 xl:w-1\/3 p-4 card-unit\" data-tags=\"\" data-recommend=\"\" data-order=\"\">\r\n    <div class=\"card block rounded-lg\">\r\n        <a href=\"https:\/\/optimabooker.com\/hr\/apartma-lidija\/\">\r\n            <div class=\"image-placeholder\">\r\n                <div class=\"bg-image\"\r\n                     style=\"background-image:linear-gradient(180deg, rgb(0 0 0 \/ 10%) 0%, rgb(0 0 0 \/ 60%) 100%),url(https:\/\/data.bentral.com\/images\/5f5463314f415f4e\/5f544d304e7a674d\/1.jpg)\"\r\n                     alt=\"Apartment Lidija (4+1)\"><\/div>\r\n                <div class=\"title\">\r\n                    <div class=\"text\"><\/div>\r\n                <\/div>\r\n            <\/div>\r\n        <\/a>\r\n        <div class=\"body\">\r\n            <a href=\"https:\/\/optimabooker.com\/hr\/apartma-lidija\/\">\r\n                <h1 class=\"title\">Apartman Lidija (4+1)<\/h1>\r\n            <\/a>\r\n            <div class=\"booking-section\">\r\n                <a href=\"https:\/\/optimabooker.com\/hr\/apartma-lidija\/\" class=\"bentral-book w-full pb-3 rounded-md\">rezerva<\/a>\r\n            <\/div>\r\n        <\/div>\r\n    <\/div>\r\n<\/div><div class=\"w-full sm:w-1\/2 md:w-1\/2 xl:w-1\/3 p-4 card-unit\" data-tags=\"\" data-recommend=\"\" data-order=\"\">\r\n    <div class=\"card block rounded-lg\">\r\n        <a href=\"https:\/\/optimabooker.com\/hr\/hostel-yapka\/\">\r\n            <div class=\"image-placeholder\">\r\n                <div class=\"bg-image\"\r\n                     style=\"background-image:linear-gradient(180deg, rgb(0 0 0 \/ 10%) 0%, rgb(0 0 0 \/ 60%) 100%),url(https:\/\/data.bentral.com\/images\/5f54677a4d775f4e\/9.jpg)\"\r\n                     alt=\"Hostel Yapka\"><\/div>\r\n                <div class=\"title\">\r\n                    <div class=\"text\"><\/div>\r\n                <\/div>\r\n            <\/div>\r\n        <\/a>\r\n        <div class=\"body\">\r\n            <a href=\"https:\/\/optimabooker.com\/hr\/hostel-yapka\/\">\r\n                <h1 class=\"title\">Hostel Yapka<\/h1>\r\n            <\/a>\r\n            <div class=\"booking-section\">\r\n                <a href=\"https:\/\/optimabooker.com\/hr\/hostel-yapka\/\" class=\"bentral-book w-full pb-3 rounded-md\">rezerva<\/a>\r\n            <\/div>\r\n        <\/div>\r\n    <\/div>\r\n<\/div><div class=\"w-full sm:w-1\/2 md:w-1\/2 xl:w-1\/3 p-4 card-unit\" data-tags=\"\" data-recommend=\"\" data-order=\"\">\r\n    <div class=\"card block rounded-lg\">\r\n        <a href=\"https:\/\/optimabooker.com\/hr\/bela-bovec\/\">\r\n            <div class=\"image-placeholder\">\r\n                <div class=\"bg-image\"\r\n                     style=\"background-image:linear-gradient(180deg, rgb(0 0 0 \/ 10%) 0%, rgb(0 0 0 \/ 60%) 100%),url(https:\/\/data.bentral.com\/images\/5f446b334e775f4e\/1.jpg)\"\r\n                     alt=\"BELA Bovec\"><\/div>\r\n                <div class=\"title\">\r\n                    <div class=\"text\"><\/div>\r\n                <\/div>\r\n            <\/div>\r\n        <\/a>\r\n        <div class=\"body\">\r\n            <a href=\"https:\/\/optimabooker.com\/hr\/bela-bovec\/\">\r\n                <h1 class=\"title\">BIJELI Bovec<\/h1>\r\n            <\/a>\r\n            <div class=\"booking-section\">\r\n                <a href=\"https:\/\/optimabooker.com\/hr\/bela-bovec\/\" class=\"bentral-book w-full pb-3 rounded-md\">rezerva<\/a>\r\n            <\/div>\r\n        <\/div>\r\n    <\/div>\r\n<\/div><div class=\"w-full sm:w-1\/2 md:w-1\/2 xl:w-1\/3 p-4 card-unit\" data-tags=\"\" data-recommend=\"\" data-order=\"\">\r\n    <div class=\"card block rounded-lg\">\r\n        <a href=\"https:\/\/optimabooker.com\/hr\/sbs-retreat\/\">\r\n            <div class=\"image-placeholder\">\r\n                <div class=\"bg-image\"\r\n                     style=\"background-image:linear-gradient(180deg, rgb(0 0 0 \/ 10%) 0%, rgb(0 0 0 \/ 60%) 100%),url(https:\/\/data.bentral.com\/images\/5f5449344e675f4e\/1.jpg)\"\r\n                     alt=\".S&amp;B's RETREAT.\"><\/div>\r\n                <div class=\"title\">\r\n                    <div class=\"text\"><\/div>\r\n                <\/div>\r\n            <\/div>\r\n        <\/a>\r\n        <div class=\"body\">\r\n            <a href=\"https:\/\/optimabooker.com\/hr\/sbs-retreat\/\">\r\n                <h1 class=\"title\">.S&amp;B-jevo POVLA\u010cENJE.<\/h1>\r\n            <\/a>\r\n            <div class=\"booking-section\">\r\n                <a href=\"https:\/\/optimabooker.com\/hr\/sbs-retreat\/\" class=\"bentral-book w-full pb-3 rounded-md\">rezerva<\/a>\r\n            <\/div>\r\n        <\/div>\r\n    <\/div>\r\n<\/div><div class=\"w-full sm:w-1\/2 md:w-1\/2 xl:w-1\/3 p-4 card-unit\" data-tags=\"\" data-recommend=\"\" data-order=\"\">\r\n    <div class=\"card block rounded-lg\">\r\n        <a href=\"https:\/\/optimabooker.com\/hr\/glamping-zarja-vipava-valley\/\">\r\n            <div class=\"image-placeholder\">\r\n                <div class=\"bg-image\"\r\n                     style=\"background-image:linear-gradient(180deg, rgb(0 0 0 \/ 10%) 0%, rgb(0 0 0 \/ 60%) 100%),url(https:\/\/data.bentral.com\/images\/5f5449354e415f4e\/30.jpg)\"\r\n                     alt=\"Glamping Zarja, Vipava Valley\"><\/div>\r\n                <div class=\"title\">\r\n                    <div class=\"text\"><\/div>\r\n                <\/div>\r\n            <\/div>\r\n        <\/a>\r\n        <div class=\"body\">\r\n            <a href=\"https:\/\/optimabooker.com\/hr\/glamping-zarja-vipava-valley\/\">\r\n                <h1 class=\"title\">Glamping Zarja, Vipavska dolina<\/h1>\r\n            <\/a>\r\n            <div class=\"booking-section\">\r\n                <a href=\"https:\/\/optimabooker.com\/hr\/glamping-zarja-vipava-valley\/\" class=\"bentral-book w-full pb-3 rounded-md\">rezerva<\/a>\r\n            <\/div>\r\n        <\/div>\r\n    <\/div>\r\n<\/div><div class=\"w-full sm:w-1\/2 md:w-1\/2 xl:w-1\/3 p-4 card-unit\" data-tags=\"\" data-recommend=\"\" data-order=\"\">\r\n    <div class=\"card block rounded-lg\">\r\n        <a href=\"https:\/\/optimabooker.com\/hr\/apartmaji-tinta\/\">\r\n            <div class=\"image-placeholder\">\r\n                <div class=\"bg-image\"\r\n                     style=\"background-image:linear-gradient(180deg, rgb(0 0 0 \/ 10%) 0%, rgb(0 0 0 \/ 60%) 100%),url(https:\/\/data.bentral.com\/images\/5f5449354e775f4e\/1.jpg)\"\r\n                     alt=\"Apartmaji Tinta.\"><\/div>\r\n                <div class=\"title\">\r\n                    <div class=\"text\"><\/div>\r\n                <\/div>\r\n            <\/div>\r\n        <\/a>\r\n        <div class=\"body\">\r\n            <a href=\"https:\/\/optimabooker.com\/hr\/apartmaji-tinta\/\">\r\n                <h1 class=\"title\">Apartmani Tinta.<\/h1>\r\n            <\/a>\r\n            <div class=\"booking-section\">\r\n                <a href=\"https:\/\/optimabooker.com\/hr\/apartmaji-tinta\/\" class=\"bentral-book w-full pb-3 rounded-md\">rezerva<\/a>\r\n            <\/div>\r\n        <\/div>\r\n    <\/div>\r\n<\/div><div class=\"w-full sm:w-1\/2 md:w-1\/2 xl:w-1\/3 p-4 card-unit\" data-tags=\"\" data-recommend=\"\" data-order=\"\">\r\n    <div class=\"card block rounded-lg\">\r\n        <a href=\"https:\/\/optimabooker.com\/hr\/turisticna-kmetija-malovscevo\/\">\r\n            <div class=\"image-placeholder\">\r\n                <div class=\"bg-image\"\r\n                     style=\"background-image:linear-gradient(180deg, rgb(0 0 0 \/ 10%) 0%, rgb(0 0 0 \/ 60%) 100%),url(https:\/\/data.bentral.com\/images\/7a7a674e\/9.jpg)\"\r\n                     alt=\"Turisti\u010dna kmetija Malov\u0161\u010devo\"><\/div>\r\n                <div class=\"title\">\r\n                    <div class=\"text\"><\/div>\r\n                <\/div>\r\n            <\/div>\r\n        <\/a>\r\n        <div class=\"body\">\r\n            <a href=\"https:\/\/optimabooker.com\/hr\/turisticna-kmetija-malovscevo\/\">\r\n                <h1 class=\"title\">Turisti\u010dko imanje Malov\u0161\u010devo<\/h1>\r\n            <\/a>\r\n            <div class=\"booking-section\">\r\n                <a href=\"https:\/\/optimabooker.com\/hr\/turisticna-kmetija-malovscevo\/\" class=\"bentral-book w-full pb-3 rounded-md\">rezerva<\/a>\r\n            <\/div>\r\n        <\/div>\r\n    <\/div>\r\n<\/div><div class=\"w-full sm:w-1\/2 md:w-1\/2 xl:w-1\/3 p-4 card-unit\" data-tags=\"\" data-recommend=\"\" data-order=\"\">\r\n    <div class=\"card block rounded-lg\">\r\n        <a href=\"https:\/\/optimabooker.com\/hr\/apartma-laznica\/\">\r\n            <div class=\"image-placeholder\">\r\n                <div class=\"bg-image\"\r\n                     style=\"background-image:linear-gradient(180deg, rgb(0 0 0 \/ 10%) 0%, rgb(0 0 0 \/ 60%) 100%),url(https:\/\/data.bentral.com\/images\/5f5449334d515f4d\/1.jpg)\"\r\n                     alt=\"Apartma Laznica.\"><\/div>\r\n                <div class=\"title\">\r\n                    <div class=\"text\"><\/div>\r\n                <\/div>\r\n            <\/div>\r\n        <\/a>\r\n        <div class=\"body\">\r\n            <a href=\"https:\/\/optimabooker.com\/hr\/apartma-laznica\/\">\r\n                <h1 class=\"title\">Apartman Laznica.<\/h1>\r\n            <\/a>\r\n            <div class=\"booking-section\">\r\n                <a href=\"https:\/\/optimabooker.com\/hr\/apartma-laznica\/\" class=\"bentral-book w-full pb-3 rounded-md\">rezerva<\/a>\r\n            <\/div>\r\n        <\/div>\r\n    <\/div>\r\n<\/div><div class=\"w-full sm:w-1\/2 md:w-1\/2 xl:w-1\/3 p-4 card-unit\" data-tags=\"\" data-recommend=\"\" data-order=\"\">\r\n    <div class=\"card block rounded-lg\">\r\n        <a href=\"https:\/\/optimabooker.com\/hr\/apartmaji-guerila\/\">\r\n            <div class=\"image-placeholder\">\r\n                <div class=\"bg-image\"\r\n                     style=\"background-image:linear-gradient(180deg, rgb(0 0 0 \/ 10%) 0%, rgb(0 0 0 \/ 60%) 100%),url(https:\/\/data.bentral.com\/images\/5f6a59774d675f4d\/2.jpg)\"\r\n                     alt=\"Apartmaji Guerila.\"><\/div>\r\n                <div class=\"title\">\r\n                    <div class=\"text\"><\/div>\r\n                <\/div>\r\n            <\/div>\r\n        <\/a>\r\n        <div class=\"body\">\r\n            <a href=\"https:\/\/optimabooker.com\/hr\/apartmaji-guerila\/\">\r\n                <h1 class=\"title\">Apartmani Gerila.<\/h1>\r\n            <\/a>\r\n            <div class=\"booking-section\">\r\n                <a href=\"https:\/\/optimabooker.com\/hr\/apartmaji-guerila\/\" class=\"bentral-book w-full pb-3 rounded-md\">rezerva<\/a>\r\n            <\/div>\r\n        <\/div>\r\n    <\/div>\r\n<\/div><\/div><\/div>\n\t\t\t\t\t\t<\/div>\n\t\t\t\t<\/div>\n\t\t\t\t\t<\/div>\n\t\t<\/div>\n\t\t\t\t\t<\/div>\n\t\t<\/section>\n\t\t\t\t<\/div>","protected":false},"excerpt":{"rendered":"<p>Gori\u0161ka &#8211; regija vinogradov, slikovitih vasic in bogate zgodovine. Obkro\u017eena z zelenimi gri\u010di in dolinami So\u010de, Gori\u0161ka zdru\u017euje naravne lepote z bogato kulturno dedi\u0161\u010dino. V regiji dominirajo vinogradi, kjer se pridelujejo nekatera izmed najbolj cenjenih slovenskih vin, kot sta rebula &hellip; <a href=\"https:\/\/optimabooker.com\/hr\/goriska\/\">Read More<\/a><\/p>","protected":false},"author":1,"featured_media":0,"parent":0,"menu_order":0,"comment_status":"closed","ping_status":"closed","template":"","meta":{"footnotes":""},"class_list":["post-2246","page","type-page","status-publish","hentry"],"_links":{"self":[{"href":"https:\/\/optimabooker.com\/hr\/wp-json\/wp\/v2\/pages\/2246","targetHints":{"allow":["GET"]}}],"collection":[{"href":"https:\/\/optimabooker.com\/hr\/wp-json\/wp\/v2\/pages"}],"about":[{"href":"https:\/\/optimabooker.com\/hr\/wp-json\/wp\/v2\/types\/page"}],"author":[{"embeddable":true,"href":"https:\/\/optimabooker.com\/hr\/wp-json\/wp\/v2\/users\/1"}],"replies":[{"embeddable":true,"href":"https:\/\/optimabooker.com\/hr\/wp-json\/wp\/v2\/comments?post=2246"}],"version-history":[{"count":19,"href":"https:\/\/optimabooker.com\/hr\/wp-json\/wp\/v2\/pages\/2246\/revisions"}],"predecessor-version":[{"id":3779,"href":"https:\/\/optimabooker.com\/hr\/wp-json\/wp\/v2\/pages\/2246\/revisions\/3779"}],"wp:attachment":[{"href":"https:\/\/optimabooker.com\/hr\/wp-json\/wp\/v2\/media?parent=2246"}],"curies":[{"name":"radni list","href":"https:\/\/api.w.org\/{rel}","templated":true}]}}