{"id":1293,"date":"2024-06-07T11:12:00","date_gmt":"2024-06-07T10:12:00","guid":{"rendered":"https:\/\/optimabooker.com\/?page_id=1293"},"modified":"2025-12-17T11:23:31","modified_gmt":"2025-12-17T10:23:31","slug":"madagaskar","status":"publish","type":"page","link":"https:\/\/optimabooker.com\/hr\/madagaskar\/","title":{"rendered":"Madagaskar"},"content":{"rendered":"<div data-elementor-type=\"wp-page\" data-elementor-id=\"1293\" class=\"elementor elementor-1293\" data-elementor-post-type=\"page\">\n\t\t\t\t\t\t<section class=\"elementor-section elementor-top-section elementor-element elementor-element-2fc6fb9 elementor-section-boxed elementor-section-height-default elementor-section-height-default\" data-id=\"2fc6fb9\" data-element_type=\"section\">\n\t\t\t\t\t\t<div class=\"elementor-container elementor-column-gap-default\">\n\t\t\t\t\t<div class=\"elementor-column elementor-col-100 elementor-top-column elementor-element elementor-element-5fb7385\" data-id=\"5fb7385\" data-element_type=\"column\">\n\t\t\t<div class=\"elementor-widget-wrap elementor-element-populated\">\n\t\t\t\t<div class=\"elementor-element elementor-element-34d3ffc e-con-full e-flex e-con e-parent\" data-id=\"34d3ffc\" data-element_type=\"container\" data-settings=\"{&quot;background_background&quot;:&quot;classic&quot;}\">\n\t\t<div class=\"elementor-element elementor-element-f068adc e-con-full e-flex e-con e-child\" data-id=\"f068adc\" data-element_type=\"container\">\n\t\t\t\t<\/div>\n\t\t\t\t<\/div>\n\t\t\t\t<div class=\"elementor-element elementor-element-f7363cc elementor-widget elementor-widget-heading\" data-id=\"f7363cc\" data-element_type=\"widget\" data-widget_type=\"heading.default\">\n\t\t\t\t<div class=\"elementor-widget-container\">\n\t\t\t\t\t<h2 class=\"elementor-heading-title elementor-size-default\">Andrekareka - skriveni biser Madagaskara, poznat je po prekrasnoj prirodi i bogatoj kulturi. Posjetitelji mogu istra\u017eiti bujne pra\u0161ume pune jedinstvenih \u017eivotinjskih vrsta, uklju\u010duju\u0107i lemure, \u0161arene ptice i rijetke biljke. Regija je ispresijecana rijekama i slapovima koji stvaraju osvje\u017eavaju\u0107e oaze u vru\u0107oj tropskoj klimi. Ljubitelji planinarenja odu\u0161evit \u0107e se brojnim planinarskim stazama koje vode ovim spektakularnim krajolikom. Kulturna ba\u0161tina Andrekareke je bogata i \u017eivahna, s lokalnim plemenima koja \u010duvaju tradicionalne obi\u010daje, ples, glazbu i zanate. Posjetitelji mogu do\u017eivjeti tradicionalna doga\u0111anja, upoznati stare obi\u010daje i sudjelovati u stvaranju doma\u0107ih umjetni\u010dkih proizvoda. Andrekareka je poznata i po \u0161arenim tr\u017enicama na kojima posjetitelji mogu kupiti ru\u010dno ra\u0111ene suvenire i svje\u017ee tropsko vo\u0107e. Doma\u0107a kuhinja s jelima poput romazave, zebu steaka i morskih specijaliteta pru\u017ea poseban gastronomski do\u017eivljaj.<\/h2>\t\t\t\t<\/div>\n\t\t\t\t<\/div>\n\t\t\t\t\t<\/div>\n\t\t<\/div>\n\t\t\t\t\t<\/div>\n\t\t<\/section>\n\t\t\t\t<section class=\"elementor-section elementor-top-section elementor-element elementor-element-49ee24e elementor-section-boxed elementor-section-height-default elementor-section-height-default\" data-id=\"49ee24e\" data-element_type=\"section\" data-settings=\"{&quot;background_background&quot;:&quot;classic&quot;}\">\n\t\t\t\t\t\t<div class=\"elementor-container elementor-column-gap-default\">\n\t\t\t\t\t<div class=\"elementor-column elementor-col-100 elementor-top-column elementor-element elementor-element-fa00acf\" data-id=\"fa00acf\" data-element_type=\"column\">\n\t\t\t<div class=\"elementor-widget-wrap elementor-element-populated\">\n\t\t\t\t\t\t<div class=\"elementor-element elementor-element-5f6a7fd elementor-widget elementor-widget-heading\" data-id=\"5f6a7fd\" data-element_type=\"widget\" data-widget_type=\"heading.default\">\n\t\t\t\t<div class=\"elementor-widget-container\">\n\t\t\t\t\t<h2 class=\"elementor-heading-title elementor-size-default\">Provjerite na\u0161u ponudu<\/h2>\t\t\t\t<\/div>\n\t\t\t\t<\/div>\n\t\t\t\t<div class=\"elementor-element elementor-element-9815ea7 elementor-widget elementor-widget-shortcode\" data-id=\"9815ea7\" data-element_type=\"widget\" data-widget_type=\"shortcode.default\">\n\t\t\t\t<div class=\"elementor-widget-container\">\n\t\t\t\t\t\t\t<div class=\"elementor-shortcode\"><div class=\"flex flex-wrap bentral-properties-cards bentral-items row\"><div class=\"w-full sm:w-1\/2 md:w-1\/2 xl:w-1\/3 p-4 card-unit\" data-tags=\"\" data-recommend=\"\" data-order=\"\">\r\n    <div class=\"card block rounded-lg\">\r\n        <a href=\"https:\/\/optimabooker.com\/hr\/komba-cabana\/\">\r\n            <div class=\"image-placeholder\">\r\n                <div class=\"bg-image\"\r\n                     style=\"background-image:linear-gradient(180deg, rgb(0 0 0 \/ 10%) 0%, rgb(0 0 0 \/ 60%) 100%),url(https:\/\/data.bentral.com\/images\/5f4451304e775f4e\/5f5449314e44514d\/1.jpg)\"\r\n                     alt=\"Garden Bungalov III\"><\/div>\r\n                <div class=\"title\">\r\n                    <div class=\"text\"><\/div>\r\n                <\/div>\r\n            <\/div>\r\n        <\/a>\r\n        <div class=\"body\">\r\n            <a href=\"https:\/\/optimabooker.com\/hr\/komba-cabana\/\">\r\n                <h1 class=\"title\">Vrtni bungalov III<\/h1>\r\n            <\/a>\r\n            <div class=\"booking-section\">\r\n                <a href=\"https:\/\/optimabooker.com\/hr\/komba-cabana\/\" class=\"bentral-book w-full pb-3 rounded-md\">rezerva<\/a>\r\n            <\/div>\r\n        <\/div>\r\n    <\/div>\r\n<\/div><\/div><\/div>\n\t\t\t\t\t\t<\/div>\n\t\t\t\t<\/div>\n\t\t\t\t\t<\/div>\n\t\t<\/div>\n\t\t\t\t\t<\/div>\n\t\t<\/section>\n\t\t\t\t<\/div>","protected":false},"excerpt":{"rendered":"<p>Andrekareka &#8211; skriti biser Madagaskarja, je znana po \u010dudoviti naravi in bogati kulturi. Obiskovalci lahko raziskujejo bujne de\u017eevne gozdove, polne edinstvenih \u017eivalskih vrst, vklju\u010dno z lemurji, barvitimi pticami in redkimi rastlinami. Regijo prepredajo reke in slapovi, ki ustvarjajo osve\u017eujo\u010de oaze &hellip; <a href=\"https:\/\/optimabooker.com\/hr\/madagaskar\/\">Read More<\/a><\/p>","protected":false},"author":1,"featured_media":0,"parent":0,"menu_order":0,"comment_status":"closed","ping_status":"closed","template":"","meta":{"footnotes":""},"class_list":["post-1293","page","type-page","status-publish","hentry"],"_links":{"self":[{"href":"https:\/\/optimabooker.com\/hr\/wp-json\/wp\/v2\/pages\/1293","targetHints":{"allow":["GET"]}}],"collection":[{"href":"https:\/\/optimabooker.com\/hr\/wp-json\/wp\/v2\/pages"}],"about":[{"href":"https:\/\/optimabooker.com\/hr\/wp-json\/wp\/v2\/types\/page"}],"author":[{"embeddable":true,"href":"https:\/\/optimabooker.com\/hr\/wp-json\/wp\/v2\/users\/1"}],"replies":[{"embeddable":true,"href":"https:\/\/optimabooker.com\/hr\/wp-json\/wp\/v2\/comments?post=1293"}],"version-history":[{"count":19,"href":"https:\/\/optimabooker.com\/hr\/wp-json\/wp\/v2\/pages\/1293\/revisions"}],"predecessor-version":[{"id":3791,"href":"https:\/\/optimabooker.com\/hr\/wp-json\/wp\/v2\/pages\/1293\/revisions\/3791"}],"wp:attachment":[{"href":"https:\/\/optimabooker.com\/hr\/wp-json\/wp\/v2\/media?parent=1293"}],"curies":[{"name":"radni list","href":"https:\/\/api.w.org\/{rel}","templated":true}]}}